{"id":2,"date":"2024-12-12T21:39:39","date_gmt":"2024-12-12T21:39:39","guid":{"rendered":"https:\/\/nattsvart.se\/?page_id=2"},"modified":"2024-12-13T19:44:00","modified_gmt":"2024-12-13T17:44:00","slug":"nattsvart-lanseras-inom-kort","status":"publish","type":"page","link":"https:\/\/nattsvart.se\/index.php\/nattsvart-lanseras-inom-kort\/","title":{"rendered":"Nattsvart lanseras inom kort"},"content":{"rendered":"\n<p>H\u00e5ll ut, snart kommer vi. Vi kommer sprida ljus p\u00e5 en och annan bilhandlare som s\u00e4ljer b\u00e5de a-traktor och bilar.<\/p>\n","protected":false},"excerpt":{"rendered":"<p>H\u00e5ll ut, snart kommer vi. Vi kommer sprida ljus p\u00e5 en och annan bilhandlare som s\u00e4ljer b\u00e5de a-traktor och bilar.<\/p>\n","protected":false},"author":1,"featured_media":0,"parent":0,"menu_order":0,"comment_status":"closed","ping_status":"closed","template":"","meta":{"footnotes":""},"class_list":["post-2","page","type-page","status-publish","hentry"],"_links":{"self":[{"href":"https:\/\/nattsvart.se\/index.php\/wp-json\/wp\/v2\/pages\/2","targetHints":{"allow":["GET"]}}],"collection":[{"href":"https:\/\/nattsvart.se\/index.php\/wp-json\/wp\/v2\/pages"}],"about":[{"href":"https:\/\/nattsvart.se\/index.php\/wp-json\/wp\/v2\/types\/page"}],"author":[{"embeddable":true,"href":"https:\/\/nattsvart.se\/index.php\/wp-json\/wp\/v2\/users\/1"}],"replies":[{"embeddable":true,"href":"https:\/\/nattsvart.se\/index.php\/wp-json\/wp\/v2\/comments?post=2"}],"version-history":[{"count":2,"href":"https:\/\/nattsvart.se\/index.php\/wp-json\/wp\/v2\/pages\/2\/revisions"}],"predecessor-version":[{"id":19,"href":"https:\/\/nattsvart.se\/index.php\/wp-json\/wp\/v2\/pages\/2\/revisions\/19"}],"wp:attachment":[{"href":"https:\/\/nattsvart.se\/index.php\/wp-json\/wp\/v2\/media?parent=2"}],"curies":[{"name":"wp","href":"https:\/\/api.w.org\/{rel}","templated":true}]}}